{"id":98,"date":"2022-05-18T22:24:02","date_gmt":"2022-05-18T22:24:02","guid":{"rendered":"http:\/\/box5722.temp.domains\/~bwdqismy\/?page_id=98"},"modified":"2022-10-10T08:24:11","modified_gmt":"2022-10-10T08:24:11","slug":"services","status":"publish","type":"page","link":"https:\/\/maxexpertise.ma\/fr\/services\/","title":{"rendered":"Services"},"content":{"rendered":"<h2 class=\"wp-block-heading\">L'expertise Maximo au service de nos clients<\/h2>\n\n\n\n<p>Maxexpertise Consulting vous offre les services suivants pour IBM maximo:<\/p>\n\n\n\n<p>Conception de la solution, architecture et management technique.<br><strong>D\u00e9veloppement sp\u00e9cifique<\/strong><\/p>\n\n\n\n<p>Script automatique (Python),<br>Customisation JAVA,<br>Maximo Migration manager<br>Developpement des rapports BIRT,<br>D\u00e9veloppement SQL,<br>Concepteur d\u2019applications (interfaces utilisateurs)<\/p>\n\n\n\n<p><br><strong>Administration<br><\/strong>Installation et mise \u00e0 jour de Maximo et add-ons,<br>Analyse de capacit\u00e9 et performance,<br>D\u00e9ploiement de l\u2019application en stand-alone et en multi-server,<br>Configuration Optimisation de la base donn\u00e9es (ORACLE, SQL Server, DB2, ..)<br>Politique de backup des environnements et des bases de donn\u00e9es.<\/p>\n\n\n\n<p><br><strong>Ti\u00e8rce maintenance applicative<br><\/strong>Support,<br>Rattarapage de donn\u00e9es,<br>R\u00e9solutions des probl\u00e8mes techniques,<\/p>\n\n\n\n<p><br><strong>Int\u00e9gration<\/strong><br>Gestion des interfaces avec les applications tierces: Sage, SAP, ORACLE,..<\/p>","protected":false},"excerpt":{"rendered":"<p>Maximo expertise at the service of customers Maxexpertise Consulting offers you the following services for IBM maximo: Solution design, architecture and technical management.Specific development Automatic scripting (Python),JAVA Customization,Maximo Migration ManagerDevelopment of BIRT reports,SQLDevelopment,Application designer (user interfaces) AdministrationInstallation and update of Maximo and add-ons,Capacity and performance analysis,Deployment of the application in stand-alone and multi-server,Configuration Database optimization [&hellip;]<\/p>\n","protected":false},"author":1,"featured_media":0,"parent":0,"menu_order":1,"comment_status":"closed","ping_status":"closed","template":"","meta":{"_monsterinsights_skip_tracking":false,"_monsterinsights_sitenote_active":false,"_monsterinsights_sitenote_note":"","_monsterinsights_sitenote_category":0,"footnotes":""},"class_list":["post-98","page","type-page","status-publish","hentry"],"yoast_head":"<!-- This site is optimized with the Yoast SEO plugin v27.4 - https:\/\/yoast.com\/product\/yoast-seo-wordpress\/ -->\n<title>Services - Maxexpertise Consulting<\/title>\n<meta name=\"robots\" content=\"index, follow, max-snippet:-1, max-image-preview:large, max-video-preview:-1\" \/>\n<link rel=\"canonical\" href=\"https:\/\/maxexpertise.ma\/fr\/services\/\" \/>\n<meta property=\"og:locale\" content=\"fr_FR\" \/>\n<meta property=\"og:type\" content=\"article\" \/>\n<meta property=\"og:title\" content=\"Services - Maxexpertise Consulting\" \/>\n<meta property=\"og:description\" content=\"Maximo expertise at the service of customers Maxexpertise Consulting offers you the following services for IBM maximo: Solution design, architecture and technical management.Specific development Automatic scripting (Python),JAVA Customization,Maximo Migration ManagerDevelopment of BIRT reports,SQLDevelopment,Application designer (user interfaces) AdministrationInstallation and update of Maximo and add-ons,Capacity and performance analysis,Deployment of the application in stand-alone and multi-server,Configuration Database optimization [&hellip;]\" \/>\n<meta property=\"og:url\" content=\"https:\/\/maxexpertise.ma\/fr\/services\/\" \/>\n<meta property=\"og:site_name\" content=\"Maxexpertise Consulting\" \/>\n<meta property=\"article:modified_time\" content=\"2022-10-10T08:24:11+00:00\" \/>\n<meta name=\"twitter:card\" content=\"summary_large_image\" \/>\n<meta name=\"twitter:label1\" content=\"Dur\u00e9e de lecture estim\u00e9e\" \/>\n\t<meta name=\"twitter:data1\" content=\"1 minute\" \/>\n<script type=\"application\/ld+json\" class=\"yoast-schema-graph\">{\"@context\":\"https:\\\/\\\/schema.org\",\"@graph\":[{\"@type\":\"WebPage\",\"@id\":\"https:\\\/\\\/maxexpertise.ma\\\/services\\\/\",\"url\":\"https:\\\/\\\/maxexpertise.ma\\\/services\\\/\",\"name\":\"Services - Maxexpertise Consulting\",\"isPartOf\":{\"@id\":\"https:\\\/\\\/maxexpertise-ma.com\\\/#website\"},\"datePublished\":\"2022-05-18T22:24:02+00:00\",\"dateModified\":\"2022-10-10T08:24:11+00:00\",\"breadcrumb\":{\"@id\":\"https:\\\/\\\/maxexpertise.ma\\\/services\\\/#breadcrumb\"},\"inLanguage\":\"fr-FR\",\"potentialAction\":[{\"@type\":\"ReadAction\",\"target\":[\"https:\\\/\\\/maxexpertise.ma\\\/services\\\/\"]}]},{\"@type\":\"BreadcrumbList\",\"@id\":\"https:\\\/\\\/maxexpertise.ma\\\/services\\\/#breadcrumb\",\"itemListElement\":[{\"@type\":\"ListItem\",\"position\":1,\"name\":\"Home\",\"item\":\"https:\\\/\\\/maxexpertise.ma\\\/\"},{\"@type\":\"ListItem\",\"position\":2,\"name\":\"Services\"}]},{\"@type\":\"WebSite\",\"@id\":\"https:\\\/\\\/maxexpertise-ma.com\\\/#website\",\"url\":\"https:\\\/\\\/maxexpertise-ma.com\\\/\",\"name\":\"Maxexpertise Consulting\",\"description\":\"\",\"potentialAction\":[{\"@type\":\"SearchAction\",\"target\":{\"@type\":\"EntryPoint\",\"urlTemplate\":\"https:\\\/\\\/maxexpertise-ma.com\\\/?s={search_term_string}\"},\"query-input\":{\"@type\":\"PropertyValueSpecification\",\"valueRequired\":true,\"valueName\":\"search_term_string\"}}],\"inLanguage\":\"fr-FR\"}]}<\/script>\n<!-- \/ Yoast SEO plugin. -->","yoast_head_json":{"title":"Services - Maxexpertise Consulting","robots":{"index":"index","follow":"follow","max-snippet":"max-snippet:-1","max-image-preview":"max-image-preview:large","max-video-preview":"max-video-preview:-1"},"canonical":"https:\/\/maxexpertise.ma\/fr\/services\/","og_locale":"fr_FR","og_type":"article","og_title":"Services - Maxexpertise Consulting","og_description":"Maximo expertise at the service of customers Maxexpertise Consulting offers you the following services for IBM maximo: Solution design, architecture and technical management.Specific development Automatic scripting (Python),JAVA Customization,Maximo Migration ManagerDevelopment of BIRT reports,SQLDevelopment,Application designer (user interfaces) AdministrationInstallation and update of Maximo and add-ons,Capacity and performance analysis,Deployment of the application in stand-alone and multi-server,Configuration Database optimization [&hellip;]","og_url":"https:\/\/maxexpertise.ma\/fr\/services\/","og_site_name":"Maxexpertise Consulting","article_modified_time":"2022-10-10T08:24:11+00:00","twitter_card":"summary_large_image","twitter_misc":{"Dur\u00e9e de lecture estim\u00e9e":"1 minute"},"schema":{"@context":"https:\/\/schema.org","@graph":[{"@type":"WebPage","@id":"https:\/\/maxexpertise.ma\/services\/","url":"https:\/\/maxexpertise.ma\/services\/","name":"Services - Maxexpertise Consulting","isPartOf":{"@id":"https:\/\/maxexpertise-ma.com\/#website"},"datePublished":"2022-05-18T22:24:02+00:00","dateModified":"2022-10-10T08:24:11+00:00","breadcrumb":{"@id":"https:\/\/maxexpertise.ma\/services\/#breadcrumb"},"inLanguage":"fr-FR","potentialAction":[{"@type":"ReadAction","target":["https:\/\/maxexpertise.ma\/services\/"]}]},{"@type":"BreadcrumbList","@id":"https:\/\/maxexpertise.ma\/services\/#breadcrumb","itemListElement":[{"@type":"ListItem","position":1,"name":"Home","item":"https:\/\/maxexpertise.ma\/"},{"@type":"ListItem","position":2,"name":"Services"}]},{"@type":"WebSite","@id":"https:\/\/maxexpertise-ma.com\/#website","url":"https:\/\/maxexpertise-ma.com\/","name":"Maxexpertise Consulting","description":"","potentialAction":[{"@type":"SearchAction","target":{"@type":"EntryPoint","urlTemplate":"https:\/\/maxexpertise-ma.com\/?s={search_term_string}"},"query-input":{"@type":"PropertyValueSpecification","valueRequired":true,"valueName":"search_term_string"}}],"inLanguage":"fr-FR"}]}},"_links":{"self":[{"href":"https:\/\/maxexpertise.ma\/fr\/wp-json\/wp\/v2\/pages\/98","targetHints":{"allow":["GET"]}}],"collection":[{"href":"https:\/\/maxexpertise.ma\/fr\/wp-json\/wp\/v2\/pages"}],"about":[{"href":"https:\/\/maxexpertise.ma\/fr\/wp-json\/wp\/v2\/types\/page"}],"author":[{"embeddable":true,"href":"https:\/\/maxexpertise.ma\/fr\/wp-json\/wp\/v2\/users\/1"}],"replies":[{"embeddable":true,"href":"https:\/\/maxexpertise.ma\/fr\/wp-json\/wp\/v2\/comments?post=98"}],"version-history":[{"count":5,"href":"https:\/\/maxexpertise.ma\/fr\/wp-json\/wp\/v2\/pages\/98\/revisions"}],"predecessor-version":[{"id":1089,"href":"https:\/\/maxexpertise.ma\/fr\/wp-json\/wp\/v2\/pages\/98\/revisions\/1089"}],"wp:attachment":[{"href":"https:\/\/maxexpertise.ma\/fr\/wp-json\/wp\/v2\/media?parent=98"}],"curies":[{"name":"wp","href":"https:\/\/api.w.org\/{rel}","templated":true}]}}