{"id":5,"date":"2022-10-06T20:37:14","date_gmt":"2022-10-06T20:37:14","guid":{"rendered":"http:\/\/box5722.temp.domains\/~bwdqismy\/?page_id=5"},"modified":"2026-04-07T14:00:21","modified_gmt":"2026-04-07T14:00:21","slug":"maxexpertise-consulting-ibm-maximo","status":"publish","type":"page","link":"https:\/\/maxexpertise.ma\/fr\/","title":{"rendered":"\u00c0 propos"},"content":{"rendered":"<p><strong>Maxexpertise Consulting<\/strong> est un cabinet de conseil IT de premier plan, sp\u00e9cialis\u00e9 dans la nouvelle g\u00e9n\u00e9ration de gestion d'actifs : <strong>IBM Maximo Application Suite (MAS 8\/9)<\/strong>.<\/p>\n\n\n\n<p>Forts de plus de 15 ans d'expertise m\u00e9tier, nous accompagnons les organisations dans leur transition de l'EAM traditionnel vers une gestion du cycle de vie des actifs pilot\u00e9e par l'IA. Notre \u00e9quipe de consultants hautement qualifi\u00e9s et certifi\u00e9s (Techniques et Fonctionnels) assure une excellence de bout en bout \u2014 de la conception strat\u00e9gique et des architectures Cloud hybrides complexes <strong>(OpenShift, Azure, AWS)<\/strong> jusqu'au d\u00e9ploiement complet et au support op\u00e9rationnel.<\/p>\n\n\n\n<p>En tant que <strong>Partenaire Commercial IBM,<\/strong>Maxexpertise Consulting s'impose comme un leader strat\u00e9gique dans l'int\u00e9gration de MAS 8\/9. Nous conjuguons rigueur technique (d\u00e9veloppement et automatisation) et ma\u00eetrise fonctionnelle pour garantir des infrastructures r\u00e9silientes, \u00e9volutives et tourn\u00e9es vers l'avenir.<\/p>\n\n\n\n<p><strong>Nos domaines d'expertise:<\/strong><\/p>\n\n\n\n<ul class=\"wp-block-list\">\n<li><strong>Impl\u00e9mentation et Mise \u00e0 jour MAS 8\/9:<\/strong> Migration fluide de Maximo 7.6.x vers les environnements bas\u00e9s sur la Suite.<\/li>\n\n\n\n<li><strong>Infrastructure Hybride:<\/strong> Expertise en d\u00e9ploiement sur Red Hat OpenShift et chez les principaux fournisseurs Cloud.<\/li>\n\n\n\n<li><strong>Services de Cycle de Vie Complet:<\/strong> Architecture, d\u00e9veloppement sp\u00e9cifique, formation sp\u00e9cialis\u00e9e et Tierce Maintenance Applicative (TMA).<\/li>\n\n\n\n<li><strong>Solutions Mobiles:<\/strong> Configuration avanc\u00e9e de Maximo Mobile et accompagnement des techniciens de terrain.<\/li>\n<\/ul>\n\n\n\n<p><strong>Useful Links:<\/strong><\/p>\n\n\n\n<p><strong>Company Website:<\/strong> maxexpertise.ma<\/p>\n\n\n\n<p><strong>Official Product Page:<\/strong> <a href=\"https:\/\/www.ibm.com\/products\/maximo\" target=\"_blank\" rel=\"noreferrer noopener\">https:\/\/www.ibm.com\/products\/maximo<\/a><\/p>","protected":false},"excerpt":{"rendered":"<p>Maxexpertise Consulting is a premier IT service provider specializing in the next generation of asset management: IBM Maximo Application Suite (MAS 8\/9). Leveraging over 15 years of deep-domain expertise, we transition organizations from traditional EAM to AI-driven asset lifecycle management. Our team of highly qualified and certified consultants (Technical &amp; Functional) delivers end-to-end excellence\u2014from strategic [&hellip;]<\/p>\n","protected":false},"author":1,"featured_media":0,"parent":0,"menu_order":0,"comment_status":"closed","ping_status":"closed","template":"","meta":{"_monsterinsights_skip_tracking":false,"_monsterinsights_sitenote_active":false,"_monsterinsights_sitenote_note":"","_monsterinsights_sitenote_category":0,"footnotes":""},"class_list":["post-5","page","type-page","status-publish","hentry"],"yoast_head":"<!-- This site is optimized with the Yoast SEO plugin v27.4 - https:\/\/yoast.com\/product\/yoast-seo-wordpress\/ -->\n<title>maxexpertise consulting IBM Maximo<\/title>\n<meta name=\"description\" content=\"maximo asset management* maxexpertise consulting IBM Maximo Application Suite*EAM*Enterprise Asset management\" \/>\n<meta name=\"robots\" content=\"index, follow, max-snippet:-1, max-image-preview:large, max-video-preview:-1\" \/>\n<link rel=\"canonical\" href=\"https:\/\/maxexpertise.ma\/fr\/\" \/>\n<meta property=\"og:locale\" content=\"fr_FR\" \/>\n<meta property=\"og:type\" content=\"article\" \/>\n<meta property=\"og:title\" content=\"maxexpertise consulting IBM Maximo\" \/>\n<meta property=\"og:description\" content=\"maximo asset management* maxexpertise consulting IBM Maximo Application Suite*EAM*Enterprise Asset management\" \/>\n<meta property=\"og:url\" content=\"https:\/\/maxexpertise.ma\/fr\/\" \/>\n<meta property=\"og:site_name\" content=\"Maxexpertise Consulting\" \/>\n<meta property=\"article:modified_time\" content=\"2026-04-07T14:00:21+00:00\" \/>\n<meta name=\"twitter:card\" content=\"summary_large_image\" \/>\n<meta name=\"twitter:label1\" content=\"Dur\u00e9e de lecture estim\u00e9e\" \/>\n\t<meta name=\"twitter:data1\" content=\"1 minute\" \/>\n<script type=\"application\/ld+json\" class=\"yoast-schema-graph\">{\"@context\":\"https:\\\/\\\/schema.org\",\"@graph\":[{\"@type\":\"WebPage\",\"@id\":\"https:\\\/\\\/maxexpertise.ma\\\/\",\"url\":\"https:\\\/\\\/maxexpertise.ma\\\/\",\"name\":\"maxexpertise consulting IBM Maximo\",\"isPartOf\":{\"@id\":\"https:\\\/\\\/maxexpertise-ma.com\\\/#website\"},\"datePublished\":\"2022-10-06T20:37:14+00:00\",\"dateModified\":\"2026-04-07T14:00:21+00:00\",\"description\":\"maximo asset management* maxexpertise consulting IBM Maximo Application Suite*EAM*Enterprise Asset management\",\"breadcrumb\":{\"@id\":\"https:\\\/\\\/maxexpertise.ma\\\/#breadcrumb\"},\"inLanguage\":\"fr-FR\",\"potentialAction\":[{\"@type\":\"ReadAction\",\"target\":[\"https:\\\/\\\/maxexpertise.ma\\\/\"]}]},{\"@type\":\"BreadcrumbList\",\"@id\":\"https:\\\/\\\/maxexpertise.ma\\\/#breadcrumb\",\"itemListElement\":[{\"@type\":\"ListItem\",\"position\":1,\"name\":\"Home\",\"item\":\"https:\\\/\\\/maxexpertise.ma\\\/\"},{\"@type\":\"ListItem\",\"position\":2,\"name\":\"About\"}]},{\"@type\":\"WebSite\",\"@id\":\"https:\\\/\\\/maxexpertise-ma.com\\\/#website\",\"url\":\"https:\\\/\\\/maxexpertise-ma.com\\\/\",\"name\":\"Maxexpertise Consulting\",\"description\":\"\",\"potentialAction\":[{\"@type\":\"SearchAction\",\"target\":{\"@type\":\"EntryPoint\",\"urlTemplate\":\"https:\\\/\\\/maxexpertise-ma.com\\\/?s={search_term_string}\"},\"query-input\":{\"@type\":\"PropertyValueSpecification\",\"valueRequired\":true,\"valueName\":\"search_term_string\"}}],\"inLanguage\":\"fr-FR\"}]}<\/script>\n<!-- \/ Yoast SEO plugin. -->","yoast_head_json":{"title":"maxexpertise consulting IBM Maximo","description":"maximo asset management* maxexpertise consulting IBM Maximo Application Suite*EAM*Enterprise Asset management","robots":{"index":"index","follow":"follow","max-snippet":"max-snippet:-1","max-image-preview":"max-image-preview:large","max-video-preview":"max-video-preview:-1"},"canonical":"https:\/\/maxexpertise.ma\/fr\/","og_locale":"fr_FR","og_type":"article","og_title":"maxexpertise consulting IBM Maximo","og_description":"maximo asset management* maxexpertise consulting IBM Maximo Application Suite*EAM*Enterprise Asset management","og_url":"https:\/\/maxexpertise.ma\/fr\/","og_site_name":"Maxexpertise Consulting","article_modified_time":"2026-04-07T14:00:21+00:00","twitter_card":"summary_large_image","twitter_misc":{"Dur\u00e9e de lecture estim\u00e9e":"1 minute"},"schema":{"@context":"https:\/\/schema.org","@graph":[{"@type":"WebPage","@id":"https:\/\/maxexpertise.ma\/","url":"https:\/\/maxexpertise.ma\/","name":"maxexpertise consulting IBM Maximo","isPartOf":{"@id":"https:\/\/maxexpertise-ma.com\/#website"},"datePublished":"2022-10-06T20:37:14+00:00","dateModified":"2026-04-07T14:00:21+00:00","description":"maximo asset management* maxexpertise consulting IBM Maximo Application Suite*EAM*Enterprise Asset management","breadcrumb":{"@id":"https:\/\/maxexpertise.ma\/#breadcrumb"},"inLanguage":"fr-FR","potentialAction":[{"@type":"ReadAction","target":["https:\/\/maxexpertise.ma\/"]}]},{"@type":"BreadcrumbList","@id":"https:\/\/maxexpertise.ma\/#breadcrumb","itemListElement":[{"@type":"ListItem","position":1,"name":"Home","item":"https:\/\/maxexpertise.ma\/"},{"@type":"ListItem","position":2,"name":"About"}]},{"@type":"WebSite","@id":"https:\/\/maxexpertise-ma.com\/#website","url":"https:\/\/maxexpertise-ma.com\/","name":"Maxexpertise Consulting","description":"","potentialAction":[{"@type":"SearchAction","target":{"@type":"EntryPoint","urlTemplate":"https:\/\/maxexpertise-ma.com\/?s={search_term_string}"},"query-input":{"@type":"PropertyValueSpecification","valueRequired":true,"valueName":"search_term_string"}}],"inLanguage":"fr-FR"}]}},"_links":{"self":[{"href":"https:\/\/maxexpertise.ma\/fr\/wp-json\/wp\/v2\/pages\/5","targetHints":{"allow":["GET"]}}],"collection":[{"href":"https:\/\/maxexpertise.ma\/fr\/wp-json\/wp\/v2\/pages"}],"about":[{"href":"https:\/\/maxexpertise.ma\/fr\/wp-json\/wp\/v2\/types\/page"}],"author":[{"embeddable":true,"href":"https:\/\/maxexpertise.ma\/fr\/wp-json\/wp\/v2\/users\/1"}],"replies":[{"embeddable":true,"href":"https:\/\/maxexpertise.ma\/fr\/wp-json\/wp\/v2\/comments?post=5"}],"version-history":[{"count":5,"href":"https:\/\/maxexpertise.ma\/fr\/wp-json\/wp\/v2\/pages\/5\/revisions"}],"predecessor-version":[{"id":1100,"href":"https:\/\/maxexpertise.ma\/fr\/wp-json\/wp\/v2\/pages\/5\/revisions\/1100"}],"wp:attachment":[{"href":"https:\/\/maxexpertise.ma\/fr\/wp-json\/wp\/v2\/media?parent=5"}],"curies":[{"name":"wp","href":"https:\/\/api.w.org\/{rel}","templated":true}]}}